{"id":1846,"date":"2024-02-15T20:18:48","date_gmt":"2024-02-15T20:18:48","guid":{"rendered":"https:\/\/chacoalert.digitacomms.uk\/quienes-somos\/"},"modified":"2025-01-21T07:05:15","modified_gmt":"2025-01-21T07:05:15","slug":"quienes-somos","status":"publish","type":"page","link":"https:\/\/chacoalert.digitacomms.uk\/es\/quienes-somos\/","title":{"rendered":"Sobre Nosotros"},"content":{"rendered":"\t\t<div data-elementor-type=\"wp-page\" data-elementor-id=\"1846\" class=\"elementor elementor-1846 elementor-16\" data-elementor-post-type=\"page\">\n\t\t\t\t<div class=\"elementor-element elementor-element-0a31b3e e-flex e-con-boxed e-con e-parent\" data-id=\"0a31b3e\" data-element_type=\"container\" data-settings=\"{&quot;background_background&quot;:&quot;classic&quot;}\">\n\t\t\t\t\t<div class=\"e-con-inner\">\n\t\t<div class=\"elementor-element elementor-element-d5308c4 e-con-full e-flex e-con e-child\" data-id=\"d5308c4\" data-element_type=\"container\">\n\t\t<div class=\"elementor-element elementor-element-9e83f88 e-con-full e-flex e-con e-child\" data-id=\"9e83f88\" data-element_type=\"container\">\n\t\t\t\t<div class=\"elementor-element elementor-element-96ace1b elementor-widget-tablet__width-inherit elementor-widget__width-initial elementor-widget elementor-widget-heading\" data-id=\"96ace1b\" data-element_type=\"widget\" data-widget_type=\"heading.default\">\n\t\t\t\t<div class=\"elementor-widget-container\">\n\t\t\t\t\t<h1 class=\"elementor-heading-title elementor-size-default\">SOBRE NOSOTROS<\/h1>\t\t\t\t<\/div>\n\t\t\t\t<\/div>\n\t\t\t\t<div class=\"elementor-element elementor-element-f8051be elementor-widget elementor-widget-text-editor\" data-id=\"f8051be\" data-element_type=\"widget\" data-widget_type=\"text-editor.default\">\n\t\t\t\t<div class=\"elementor-widget-container\">\n\t\t\t\t\t\t\t\t\t<p>Conoce al equipo que cre\u00f3 Chaco Alert y que presta servicios permanentes.<\/p>\n\t\t\t\t\t\t\t\t<\/div>\n\t\t\t\t<\/div>\n\t\t\t\t<\/div>\n\t\t\t\t<\/div>\n\t\t\t\t\t<\/div>\n\t\t\t\t<\/div>\n\t\t<div class=\"elementor-element elementor-element-23f66f6 e-flex e-con-boxed e-con e-parent\" data-id=\"23f66f6\" data-element_type=\"container\">\n\t\t\t\t\t<div class=\"e-con-inner\">\n\t\t\t\t<div class=\"elementor-element elementor-element-4e03c40 elementor-widget elementor-widget-heading\" data-id=\"4e03c40\" data-element_type=\"widget\" data-widget_type=\"heading.default\">\n\t\t\t\t<div class=\"elementor-widget-container\">\n\t\t\t\t\t<h2 class=\"elementor-heading-title elementor-size-default\"><span class=\"red\">Conoce <\/span>al equipo de Chaco Alert<\/h2>\t\t\t\t<\/div>\n\t\t\t\t<\/div>\n\t\t\t\t<div class=\"elementor-element elementor-element-de63df2 elementor-widget-laptop__width-initial elementor-widget__width-initial elementor-widget elementor-widget-text-editor\" data-id=\"de63df2\" data-element_type=\"widget\" data-widget_type=\"text-editor.default\">\n\t\t\t\t<div class=\"elementor-widget-container\">\n\t\t\t\t\t\t\t\t\t<p>Chaco Alert &#8211; un programa promovido y financiado por Quadriz e Investancia, con el apoyo de instituciones y otros actores.<\/p>\n\t\t\t\t\t\t\t\t<\/div>\n\t\t\t\t<\/div>\n\t\t\t\t\t<\/div>\n\t\t\t\t<\/div>\n\t\t<div class=\"elementor-element elementor-element-49bd836 e-flex e-con-boxed e-con e-parent\" data-id=\"49bd836\" data-element_type=\"container\">\n\t\t\t\t\t<div class=\"e-con-inner\">\n\t\t\t\t<div class=\"elementor-element elementor-element-2973c6e elementor-widget__width-initial elementor-position-top elementor-widget elementor-widget-image-box\" data-id=\"2973c6e\" data-element_type=\"widget\" data-widget_type=\"image-box.default\">\n\t\t\t\t<div class=\"elementor-widget-container\">\n\t\t\t\t\t<div class=\"elementor-image-box-wrapper\"><figure class=\"elementor-image-box-img\"><a href=\"https:\/\/quadriz.com\/about-quadriz\/\" tabindex=\"-1\"><img decoding=\"async\" width=\"150\" height=\"150\" src=\"https:\/\/chacoalert.digitacomms.uk\/wp-content\/uploads\/2025\/01\/cropped-Quadriz_Favicon-150x150.png\" class=\"attachment-thumbnail size-thumbnail wp-image-1716\" alt=\"\" srcset=\"https:\/\/chacoalert.digitacomms.uk\/wp-content\/uploads\/2025\/01\/cropped-Quadriz_Favicon-150x150.png 150w, https:\/\/chacoalert.digitacomms.uk\/wp-content\/uploads\/2025\/01\/cropped-Quadriz_Favicon-300x300.png 300w, https:\/\/chacoalert.digitacomms.uk\/wp-content\/uploads\/2025\/01\/cropped-Quadriz_Favicon.png 512w\" sizes=\"(max-width: 150px) 100vw, 150px\" \/><\/a><\/figure><div class=\"elementor-image-box-content\"><h3 class=\"elementor-image-box-title\"><a href=\"https:\/\/quadriz.com\/about-quadriz\/\">Quadriz<\/a><\/h3><\/div><\/div>\t\t\t\t<\/div>\n\t\t\t\t<\/div>\n\t\t\t\t<div class=\"elementor-element elementor-element-eb6dadb elementor-widget__width-initial elementor-position-top elementor-widget elementor-widget-image-box\" data-id=\"eb6dadb\" data-element_type=\"widget\" data-widget_type=\"image-box.default\">\n\t\t\t\t<div class=\"elementor-widget-container\">\n\t\t\t\t\t<div class=\"elementor-image-box-wrapper\"><figure class=\"elementor-image-box-img\"><a href=\"https:\/\/investancia.com\/#who_we_are\" tabindex=\"-1\"><img fetchpriority=\"high\" decoding=\"async\" width=\"1098\" height=\"1026\" src=\"https:\/\/chacoalert.digitacomms.uk\/wp-content\/uploads\/2025\/01\/Isologo-Investancia-1.png\" class=\"attachment-full size-full wp-image-1718\" alt=\"\" srcset=\"https:\/\/chacoalert.digitacomms.uk\/wp-content\/uploads\/2025\/01\/Isologo-Investancia-1.png 1098w, https:\/\/chacoalert.digitacomms.uk\/wp-content\/uploads\/2025\/01\/Isologo-Investancia-1-300x280.png 300w, https:\/\/chacoalert.digitacomms.uk\/wp-content\/uploads\/2025\/01\/Isologo-Investancia-1-1024x957.png 1024w, https:\/\/chacoalert.digitacomms.uk\/wp-content\/uploads\/2025\/01\/Isologo-Investancia-1-768x718.png 768w\" sizes=\"(max-width: 1098px) 100vw, 1098px\" \/><\/a><\/figure><div class=\"elementor-image-box-content\"><h3 class=\"elementor-image-box-title\"><a href=\"https:\/\/investancia.com\/#who_we_are\">Investancia<\/a><\/h3><\/div><\/div>\t\t\t\t<\/div>\n\t\t\t\t<\/div>\n\t\t\t\t\t<\/div>\n\t\t\t\t<\/div>\n\t\t<div class=\"elementor-element elementor-element-4e9ff03 e-flex e-con-boxed e-con e-parent\" data-id=\"4e9ff03\" data-element_type=\"container\">\n\t\t\t\t\t<div class=\"e-con-inner\">\n\t\t\t\t<div class=\"elementor-element elementor-element-f5f504d elementor-align-center elementor-widget elementor-widget-button\" data-id=\"f5f504d\" data-element_type=\"widget\" data-widget_type=\"button.default\">\n\t\t\t\t<div class=\"elementor-widget-container\">\n\t\t\t\t\t\t\t\t\t<div class=\"elementor-button-wrapper\">\n\t\t\t\t\t<a class=\"elementor-button elementor-button-link elementor-size-lg\" href=\"https:\/\/chacoalert.digitacomms.uk\/contact-us\/\">\n\t\t\t\t\t\t<span class=\"elementor-button-content-wrapper\">\n\t\t\t\t\t\t\t\t\t<span class=\"elementor-button-text\">CONTACTA CON NOSOTROS<\/span>\n\t\t\t\t\t<\/span>\n\t\t\t\t\t<\/a>\n\t\t\t\t<\/div>\n\t\t\t\t\t\t\t\t<\/div>\n\t\t\t\t<\/div>\n\t\t\t\t\t<\/div>\n\t\t\t\t<\/div>\n\t\t<div class=\"elementor-element elementor-element-bfafb33 e-con-full e-flex e-con e-parent\" data-id=\"bfafb33\" data-element_type=\"container\">\n\t\t\t\t<div class=\"elementor-element elementor-element-fe192f0 elementor-widget elementor-widget-template\" data-id=\"fe192f0\" data-element_type=\"widget\" data-widget_type=\"template.default\">\n\t\t\t\t<div class=\"elementor-widget-container\">\n\t\t\t\t\t\t\t<div class=\"elementor-template\">\n\t\t\t\t\t<div data-elementor-type=\"container\" data-elementor-id=\"1879\" class=\"elementor elementor-1879 elementor-1369\" data-elementor-post-type=\"elementor_library\">\n\t\t\t\t<div class=\"elementor-element elementor-element-228fd92a e-flex e-con-boxed e-con e-parent\" data-id=\"228fd92a\" data-element_type=\"container\" data-settings=\"{&quot;background_background&quot;:&quot;gradient&quot;}\">\n\t\t\t\t\t<div class=\"e-con-inner\">\n\t\t\t\t<div class=\"elementor-element elementor-element-639f6803 elementor-vertical-align-middle elementor-vertical-align-top elementor-widget elementor-widget-image-box\" data-id=\"639f6803\" data-element_type=\"widget\" data-widget_type=\"image-box.default\">\n\t\t\t\t<div class=\"elementor-widget-container\">\n\t\t\t\t\t<div class=\"elementor-image-box-wrapper\"><div class=\"elementor-image-box-content\"><h3 class=\"elementor-image-box-title\">Patrocinado por Quadriz e Investancia<\/h3><p class=\"elementor-image-box-description\">Gracias a la venta de Unidades de Cr\u00e9ditos de Carbono (VCU) certificadas seg\u00fan el est\u00e1ndar de carbono verificado (VCS) y el estandar Cabono, Comunidad y Biodiversidad (CCBS).<\/p><\/div><\/div>\t\t\t\t<\/div>\n\t\t\t\t<\/div>\n\t\t<div class=\"elementor-element elementor-element-62b2bfd e-con-full e-flex e-con e-child\" data-id=\"62b2bfd\" data-element_type=\"container\">\n\t\t<div class=\"elementor-element elementor-element-5e67baa e-con-full e-flex e-con e-child\" data-id=\"5e67baa\" data-element_type=\"container\">\n\t\t\t\t<div class=\"elementor-element elementor-element-45aa10c4 elementor-widget__width-initial elementor-position-top elementor-widget elementor-widget-image-box\" data-id=\"45aa10c4\" data-element_type=\"widget\" data-widget_type=\"image-box.default\">\n\t\t\t\t<div class=\"elementor-widget-container\">\n\t\t\t\t\t<div class=\"elementor-image-box-wrapper\"><figure class=\"elementor-image-box-img\"><img decoding=\"async\" width=\"2163\" height=\"529\" src=\"https:\/\/chacoalert.digitacomms.uk\/wp-content\/uploads\/2024\/02\/quadriz_whitetag.png.webp\" class=\"attachment-full size-full wp-image-254\" alt=\"\" srcset=\"https:\/\/chacoalert.digitacomms.uk\/wp-content\/uploads\/2024\/02\/quadriz_whitetag.png.webp 2163w, https:\/\/chacoalert.digitacomms.uk\/wp-content\/uploads\/2024\/02\/quadriz_whitetag.png-300x73.webp 300w, https:\/\/chacoalert.digitacomms.uk\/wp-content\/uploads\/2024\/02\/quadriz_whitetag.png-1024x250.webp 1024w, https:\/\/chacoalert.digitacomms.uk\/wp-content\/uploads\/2024\/02\/quadriz_whitetag.png-768x188.webp 768w, https:\/\/chacoalert.digitacomms.uk\/wp-content\/uploads\/2024\/02\/quadriz_whitetag.png-1536x376.webp 1536w, https:\/\/chacoalert.digitacomms.uk\/wp-content\/uploads\/2024\/02\/quadriz_whitetag.png-2048x501.webp 2048w\" sizes=\"(max-width: 2163px) 100vw, 2163px\" \/><\/figure><div class=\"elementor-image-box-content\"><p class=\"elementor-image-box-description\">Quadriz desarrolla y gestiona soluciones basadas en la naturaleza (NBS) a trav\u00e9s de proyectos de compensaci\u00f3n de carbono verificados y de gran impacto.<\/p><\/div><\/div>\t\t\t\t<\/div>\n\t\t\t\t<\/div>\n\t\t\t\t<div class=\"elementor-element elementor-element-14e3335 elementor-align-left elementor-mobile-align-justify elementor-widget elementor-widget-button\" data-id=\"14e3335\" data-element_type=\"widget\" data-widget_type=\"button.default\">\n\t\t\t\t<div class=\"elementor-widget-container\">\n\t\t\t\t\t\t\t\t\t<div class=\"elementor-button-wrapper\">\n\t\t\t\t\t<a class=\"elementor-button elementor-button-link elementor-size-lg\" href=\"https:\/\/www.quadriz.com\" target=\"_blank\">\n\t\t\t\t\t\t<span class=\"elementor-button-content-wrapper\">\n\t\t\t\t\t\t\t\t\t<span class=\"elementor-button-text\">VISITA LA WEB<\/span>\n\t\t\t\t\t<\/span>\n\t\t\t\t\t<\/a>\n\t\t\t\t<\/div>\n\t\t\t\t\t\t\t\t<\/div>\n\t\t\t\t<\/div>\n\t\t\t\t<\/div>\n\t\t<div class=\"elementor-element elementor-element-a1039aa e-con-full e-flex e-con e-child\" data-id=\"a1039aa\" data-element_type=\"container\">\n\t\t\t\t<div class=\"elementor-element elementor-element-ac46b5c elementor-widget__width-initial elementor-position-top elementor-widget elementor-widget-image-box\" data-id=\"ac46b5c\" data-element_type=\"widget\" data-widget_type=\"image-box.default\">\n\t\t\t\t<div class=\"elementor-widget-container\">\n\t\t\t\t\t<div class=\"elementor-image-box-wrapper\"><figure class=\"elementor-image-box-img\"><a href=\"https:\/\/www.investancia.com\" tabindex=\"-1\"><img loading=\"lazy\" decoding=\"async\" width=\"788\" height=\"119\" src=\"https:\/\/chacoalert.digitacomms.uk\/wp-content\/uploads\/2024\/02\/investancia_logo_inverted_grey.png\" class=\"attachment-full size-full wp-image-1350\" alt=\"\" srcset=\"https:\/\/chacoalert.digitacomms.uk\/wp-content\/uploads\/2024\/02\/investancia_logo_inverted_grey.png 788w, https:\/\/chacoalert.digitacomms.uk\/wp-content\/uploads\/2024\/02\/investancia_logo_inverted_grey-300x45.png 300w, https:\/\/chacoalert.digitacomms.uk\/wp-content\/uploads\/2024\/02\/investancia_logo_inverted_grey-768x116.png 768w\" sizes=\"(max-width: 788px) 100vw, 788px\" \/><\/a><\/figure><div class=\"elementor-image-box-content\"><p class=\"elementor-image-box-description\">Los programas de reforestaci\u00f3n de Investancia reconectan los corredores verdes del Chaco al tiempo que generan secuestro de carbono a gran escala.<\/p><\/div><\/div>\t\t\t\t<\/div>\n\t\t\t\t<\/div>\n\t\t\t\t<div class=\"elementor-element elementor-element-5abfc0b elementor-align-left elementor-mobile-align-justify elementor-widget elementor-widget-button\" data-id=\"5abfc0b\" data-element_type=\"widget\" data-widget_type=\"button.default\">\n\t\t\t\t<div class=\"elementor-widget-container\">\n\t\t\t\t\t\t\t\t\t<div class=\"elementor-button-wrapper\">\n\t\t\t\t\t<a class=\"elementor-button elementor-button-link elementor-size-lg\" href=\"https:\/\/www.investancia.com\" target=\"_blank\">\n\t\t\t\t\t\t<span class=\"elementor-button-content-wrapper\">\n\t\t\t\t\t\t\t\t\t<span class=\"elementor-button-text\">VISITA LA WEB<\/span>\n\t\t\t\t\t<\/span>\n\t\t\t\t\t<\/a>\n\t\t\t\t<\/div>\n\t\t\t\t\t\t\t\t<\/div>\n\t\t\t\t<\/div>\n\t\t\t\t<\/div>\n\t\t\t\t<\/div>\n\t\t\t\t\t<\/div>\n\t\t\t\t<\/div>\n\t\t\t\t<\/div>\n\t\t\t\t<\/div>\n\t\t\t\t\t\t<\/div>\n\t\t\t\t<\/div>\n\t\t\t\t<\/div>\n\t\t\t\t<\/div>\n\t\t","protected":false},"excerpt":{"rendered":"<p>SOBRE NOSOTROS Conoce al equipo que cre\u00f3 Chaco Alert y que presta servicios permanentes. Conoce al equipo de Chaco Alert Chaco Alert &#8211; un programa promovido y financiado por Quadriz e Investancia, con el apoyo de instituciones y otros actores. Quadriz Investancia CONTACTA CON NOSOTROS<\/p>\n","protected":false},"author":1,"featured_media":0,"parent":0,"menu_order":0,"comment_status":"closed","ping_status":"closed","template":"","meta":{"footnotes":""},"class_list":["post-1846","page","type-page","status-publish","hentry"],"_links":{"self":[{"href":"https:\/\/chacoalert.digitacomms.uk\/es\/wp-json\/wp\/v2\/pages\/1846","targetHints":{"allow":["GET"]}}],"collection":[{"href":"https:\/\/chacoalert.digitacomms.uk\/es\/wp-json\/wp\/v2\/pages"}],"about":[{"href":"https:\/\/chacoalert.digitacomms.uk\/es\/wp-json\/wp\/v2\/types\/page"}],"author":[{"embeddable":true,"href":"https:\/\/chacoalert.digitacomms.uk\/es\/wp-json\/wp\/v2\/users\/1"}],"replies":[{"embeddable":true,"href":"https:\/\/chacoalert.digitacomms.uk\/es\/wp-json\/wp\/v2\/comments?post=1846"}],"version-history":[{"count":3,"href":"https:\/\/chacoalert.digitacomms.uk\/es\/wp-json\/wp\/v2\/pages\/1846\/revisions"}],"predecessor-version":[{"id":1891,"href":"https:\/\/chacoalert.digitacomms.uk\/es\/wp-json\/wp\/v2\/pages\/1846\/revisions\/1891"}],"wp:attachment":[{"href":"https:\/\/chacoalert.digitacomms.uk\/es\/wp-json\/wp\/v2\/media?parent=1846"}],"curies":[{"name":"wp","href":"https:\/\/api.w.org\/{rel}","templated":true}]}}